{"id":5,"date":"2021-06-09T11:53:37","date_gmt":"2021-06-09T14:53:37","guid":{"rendered":"http:\/\/itecfurg.org\/?page_id=5"},"modified":"2026-04-13T18:04:44","modified_gmt":"2026-04-13T21:04:44","slug":"about-us","status":"publish","type":"page","link":"https:\/\/itecfurg.org\/?page_id=5","title":{"rendered":"Quem Somos"},"content":{"rendered":"\t\t<div data-elementor-type=\"wp-page\" data-elementor-id=\"5\" class=\"elementor elementor-5\" data-elementor-post-type=\"page\">\n\t\t\t\t\t\t<section class=\"elementor-section elementor-top-section elementor-element elementor-element-215f47f7 elementor-section-boxed elementor-section-height-default elementor-section-height-default\" data-id=\"215f47f7\" data-element_type=\"section\">\n\t\t\t\t\t\t<div class=\"elementor-container elementor-column-gap-no\">\n\t\t\t\t\t<div class=\"elementor-column elementor-col-100 elementor-top-column elementor-element elementor-element-2e317c1a\" data-id=\"2e317c1a\" data-element_type=\"column\" data-settings=\"{&quot;background_background&quot;:&quot;classic&quot;}\">\n\t\t\t<div class=\"elementor-widget-wrap elementor-element-populated\">\n\t\t\t\t\t\t<div class=\"elementor-element elementor-element-6bb6b1e elementor-widget elementor-widget-image\" data-id=\"6bb6b1e\" data-element_type=\"widget\" data-widget_type=\"image.default\">\n\t\t\t\t<div class=\"elementor-widget-container\">\n\t\t\t\t\t\t\t\t\t\t\t\t\t\t\t<img fetchpriority=\"high\" decoding=\"async\" width=\"2560\" height=\"323\" src=\"https:\/\/itecfurg.org\/wp-content\/uploads\/2026\/04\/BANNER_2-scaled.png\" class=\"attachment-full size-full wp-image-12859\" alt=\"\" srcset=\"https:\/\/itecfurg.org\/wp-content\/uploads\/2026\/04\/BANNER_2-scaled.png 2560w, https:\/\/itecfurg.org\/wp-content\/uploads\/2026\/04\/BANNER_2-300x38.png 300w, https:\/\/itecfurg.org\/wp-content\/uploads\/2026\/04\/BANNER_2-1024x129.png 1024w, https:\/\/itecfurg.org\/wp-content\/uploads\/2026\/04\/BANNER_2-768x97.png 768w, https:\/\/itecfurg.org\/wp-content\/uploads\/2026\/04\/BANNER_2-1536x194.png 1536w, https:\/\/itecfurg.org\/wp-content\/uploads\/2026\/04\/BANNER_2-2048x259.png 2048w\" sizes=\"(max-width: 2560px) 100vw, 2560px\" \/>\t\t\t\t\t\t\t\t\t\t\t\t\t\t\t<\/div>\n\t\t\t\t<\/div>\n\t\t\t\t<div class=\"elementor-element elementor-element-e20a315 elementor-widget elementor-widget-video\" data-id=\"e20a315\" data-element_type=\"widget\" data-settings=\"{&quot;youtube_url&quot;:&quot;https:\\\/\\\/youtu.be\\\/GxkS2Yomswc&quot;,&quot;autoplay&quot;:&quot;yes&quot;,&quot;video_type&quot;:&quot;youtube&quot;,&quot;controls&quot;:&quot;yes&quot;}\" data-widget_type=\"video.default\">\n\t\t\t\t<div class=\"elementor-widget-container\">\n\t\t\t\t\t\t\t<div class=\"elementor-wrapper elementor-open-inline\">\n\t\t\t<div class=\"elementor-video\"><\/div>\t\t<\/div>\n\t\t\t\t\t\t<\/div>\n\t\t\t\t<\/div>\n\t\t\t\t<div class=\"elementor-element elementor-element-375e657 elementor-widget elementor-widget-image\" data-id=\"375e657\" data-element_type=\"widget\" data-widget_type=\"image.default\">\n\t\t\t\t<div class=\"elementor-widget-container\">\n\t\t\t\t\t\t\t\t\t\t\t\t\t\t\t<img decoding=\"async\" width=\"8000\" height=\"1000\" src=\"https:\/\/itecfurg.org\/wp-content\/uploads\/2025\/02\/1.png\" class=\"attachment-full size-full wp-image-8661\" alt=\"\" srcset=\"https:\/\/itecfurg.org\/wp-content\/uploads\/2025\/02\/1.png 8000w, https:\/\/itecfurg.org\/wp-content\/uploads\/2025\/02\/1-300x38.png 300w, https:\/\/itecfurg.org\/wp-content\/uploads\/2025\/02\/1-1024x128.png 1024w, https:\/\/itecfurg.org\/wp-content\/uploads\/2025\/02\/1-768x96.png 768w, https:\/\/itecfurg.org\/wp-content\/uploads\/2025\/02\/1-1536x192.png 1536w, https:\/\/itecfurg.org\/wp-content\/uploads\/2025\/02\/1-2048x256.png 2048w\" sizes=\"(max-width: 8000px) 100vw, 8000px\" \/>\t\t\t\t\t\t\t\t\t\t\t\t\t\t\t<\/div>\n\t\t\t\t<\/div>\n\t\t\t\t<div class=\"elementor-element elementor-element-71b996ba elementor-widget elementor-widget-text-editor\" data-id=\"71b996ba\" data-element_type=\"widget\" data-widget_type=\"text-editor.default\">\n\t\t\t\t<div class=\"elementor-widget-container\">\n\t\t\t\t\t\t\t\t\t<p>O iTec\/FURG &#8211; Centro de Rob\u00f3tica e Ci\u00eancia de Dados \u00e9 uma unidade de inova\u00e7\u00e3o tecnol\u00f3gica que atua com linhas de produ\u00e7\u00e3o tecnol\u00f3gica voltadas para sistemas rob\u00f3ticos e automa\u00e7\u00e3o, com base ferramental de vis\u00e3o computacional e ci\u00eancia de dados. \u00a0O iTec\/FURG\u00a0foi credenciado junto \u00e0 EMBRAPII em maio de 2020, reunindo mais de 100 colaboradores ativos e 38 professores da FURG. O centro \u00e9 composto principalmente por docentes do Centro de Ci\u00eancias Computacionais (C3) e da Escola de Engenharia (EE), mas tamb\u00e9m abriga projetos e docentes que tenham ader\u00eancia \u00e0 \u00e1rea de atua\u00e7\u00e3o da unidade.<\/p>\n<ul>\n<li>Sistemas Rob\u00f3ticos e Automa\u00e7\u00e3o;<\/li>\n<li>Modelos Computacionais;<\/li>\n<li>Sensores.<\/li>\n<\/ul>\n<p><strong><!-- \/wp:quote --><\/strong><\/p>\n<p><strong><!-- wp:paragraph --><\/strong><\/p>\n<p>Nosso objetivo \u00e9 atender empresas com solu\u00e7\u00f5es de PD&amp;I trazendo conhecimento de mais de 20 anos de pesquisas e profissionais com expertise nas mais diversas \u00e1reas de tecnologia e inova\u00e7\u00e3o.\u00a0<\/p>\n<p><!-- \/wp:quote --><\/p>\n<p><!-- wp:heading {\"className\":\"has-text-align-center\"} --><\/p>\n<p><!-- \/wp:paragraph --><\/p>\t\t\t\t\t\t\t\t<\/div>\n\t\t\t\t<\/div>\n\t\t\t\t\t<\/div>\n\t\t<\/div>\n\t\t\t\t\t<\/div>\n\t\t<\/section>\n\t\t\t\t<section class=\"elementor-section elementor-top-section elementor-element elementor-element-b09eb5e elementor-section-boxed elementor-section-height-default elementor-section-height-default\" data-id=\"b09eb5e\" data-element_type=\"section\">\n\t\t\t\t\t\t\t<div class=\"elementor-background-overlay\"><\/div>\n\t\t\t\t\t\t\t<div class=\"elementor-container elementor-column-gap-default\">\n\t\t\t\t\t<div class=\"elementor-column elementor-col-100 elementor-top-column elementor-element elementor-element-7dc9037\" data-id=\"7dc9037\" data-element_type=\"column\" data-settings=\"{&quot;background_background&quot;:&quot;classic&quot;}\">\n\t\t\t<div class=\"elementor-widget-wrap elementor-element-populated\">\n\t\t\t\t\t\t<div class=\"elementor-element elementor-element-9b7c96a elementor-widget-divider--view-line elementor-widget elementor-widget-divider\" data-id=\"9b7c96a\" data-element_type=\"widget\" data-widget_type=\"divider.default\">\n\t\t\t\t<div class=\"elementor-widget-container\">\n\t\t\t\t\t\t\t<div class=\"elementor-divider\">\n\t\t\t<span class=\"elementor-divider-separator\">\n\t\t\t\t\t\t<\/span>\n\t\t<\/div>\n\t\t\t\t\t\t<\/div>\n\t\t\t\t<\/div>\n\t\t\t\t\t<\/div>\n\t\t<\/div>\n\t\t\t\t\t<\/div>\n\t\t<\/section>\n\t\t\t\t<section class=\"elementor-section elementor-top-section elementor-element elementor-element-bda8672 elementor-section-boxed elementor-section-height-default elementor-section-height-default\" data-id=\"bda8672\" data-element_type=\"section\">\n\t\t\t\t\t\t<div class=\"elementor-container elementor-column-gap-default\">\n\t\t\t\t\t<div class=\"elementor-column elementor-col-100 elementor-top-column elementor-element elementor-element-8e39c18\" data-id=\"8e39c18\" data-element_type=\"column\">\n\t\t\t<div class=\"elementor-widget-wrap\">\n\t\t\t\t\t\t\t<\/div>\n\t\t<\/div>\n\t\t\t\t\t<\/div>\n\t\t<\/section>\n\t\t\t\t<section class=\"elementor-section elementor-top-section elementor-element elementor-element-2113d07 elementor-section-boxed elementor-section-height-default elementor-section-height-default\" data-id=\"2113d07\" data-element_type=\"section\" data-settings=\"{&quot;background_background&quot;:&quot;classic&quot;}\">\n\t\t\t\t\t\t<div class=\"elementor-container elementor-column-gap-default\">\n\t\t\t\t\t<div class=\"elementor-column elementor-col-100 elementor-top-column elementor-element elementor-element-fd47c47\" data-id=\"fd47c47\" data-element_type=\"column\" data-settings=\"{&quot;background_background&quot;:&quot;classic&quot;}\">\n\t\t\t<div class=\"elementor-widget-wrap elementor-element-populated\">\n\t\t\t\t\t\t<div class=\"elementor-element elementor-element-6fd46a8 elementor-widget elementor-widget-image\" data-id=\"6fd46a8\" data-element_type=\"widget\" data-widget_type=\"image.default\">\n\t\t\t\t<div class=\"elementor-widget-container\">\n\t\t\t\t\t\t\t\t\t\t\t\t\t\t\t<img decoding=\"async\" width=\"8000\" height=\"1000\" src=\"https:\/\/itecfurg.org\/wp-content\/uploads\/2025\/02\/13.png\" class=\"attachment-full size-full wp-image-8665\" alt=\"\" srcset=\"https:\/\/itecfurg.org\/wp-content\/uploads\/2025\/02\/13.png 8000w, https:\/\/itecfurg.org\/wp-content\/uploads\/2025\/02\/13-300x38.png 300w, https:\/\/itecfurg.org\/wp-content\/uploads\/2025\/02\/13-1024x128.png 1024w, https:\/\/itecfurg.org\/wp-content\/uploads\/2025\/02\/13-768x96.png 768w, https:\/\/itecfurg.org\/wp-content\/uploads\/2025\/02\/13-1536x192.png 1536w, https:\/\/itecfurg.org\/wp-content\/uploads\/2025\/02\/13-2048x256.png 2048w\" sizes=\"(max-width: 8000px) 100vw, 8000px\" \/>\t\t\t\t\t\t\t\t\t\t\t\t\t\t\t<\/div>\n\t\t\t\t<\/div>\n\t\t\t\t<div class=\"elementor-element elementor-element-ddce940 elementor-widget elementor-widget-popularis-text-block\" data-id=\"ddce940\" data-element_type=\"widget\" data-widget_type=\"popularis-text-block.default\">\n\t\t\t\t<div class=\"elementor-widget-container\">\n\t\t\t\t\t<div class=\"popularis_extra_adv_text_block \" ><div class=\"text-content-block\"><p>Conquistamos os seguintes credenciamentos, que s\u00e3o motivo de muito orgulho para nossa equipe e clientes:<\/p>\n<ul>\n<li>Embaixador NVIDIA no Brasil (Deep Learning Institute);<\/li>\n<li>ANP - Ag\u00eancia Nacional de Petr\u00f3leo, G\u00e1s Natural e Biocombust\u00edvel;<\/li>\n<li>Unidade Embrapii.<\/li>\n<\/ul><\/div><\/div>\t\t\t\t<\/div>\n\t\t\t\t<\/div>\n\t\t\t\t\t<\/div>\n\t\t<\/div>\n\t\t\t\t\t<\/div>\n\t\t<\/section>\n\t\t\t\t<\/div>\n\t\t","protected":false},"excerpt":{"rendered":"<p>O iTec\/FURG &#8211; Centro de Rob\u00f3tica e Ci\u00eancia de Dados \u00e9 uma unidade de inova\u00e7\u00e3o tecnol\u00f3gica que atua com linhas de produ\u00e7\u00e3o tecnol\u00f3gica voltadas para sistemas rob\u00f3ticos e automa\u00e7\u00e3o, com base ferramental de vis\u00e3o computacional e ci\u00eancia de dados. \u00a0O iTec\/FURG\u00a0foi credenciado junto \u00e0 EMBRAPII em maio de 2020, reunindo mais de 100 colaboradores ativos [&hellip;]<\/p>\n","protected":false},"author":1,"featured_media":0,"parent":0,"menu_order":0,"comment_status":"closed","ping_status":"closed","template":"template-page-builders.php","meta":{"_monsterinsights_skip_tracking":false,"_monsterinsights_sitenote_active":false,"_monsterinsights_sitenote_note":"","_monsterinsights_sitenote_category":0,"footnotes":""},"class_list":["post-5","page","type-page","status-publish","hentry"],"aioseo_notices":[],"_links":{"self":[{"href":"https:\/\/itecfurg.org\/index.php?rest_route=\/wp\/v2\/pages\/5","targetHints":{"allow":["GET"]}}],"collection":[{"href":"https:\/\/itecfurg.org\/index.php?rest_route=\/wp\/v2\/pages"}],"about":[{"href":"https:\/\/itecfurg.org\/index.php?rest_route=\/wp\/v2\/types\/page"}],"author":[{"embeddable":true,"href":"https:\/\/itecfurg.org\/index.php?rest_route=\/wp\/v2\/users\/1"}],"replies":[{"embeddable":true,"href":"https:\/\/itecfurg.org\/index.php?rest_route=%2Fwp%2Fv2%2Fcomments&post=5"}],"version-history":[{"count":76,"href":"https:\/\/itecfurg.org\/index.php?rest_route=\/wp\/v2\/pages\/5\/revisions"}],"predecessor-version":[{"id":12879,"href":"https:\/\/itecfurg.org\/index.php?rest_route=\/wp\/v2\/pages\/5\/revisions\/12879"}],"wp:attachment":[{"href":"https:\/\/itecfurg.org\/index.php?rest_route=%2Fwp%2Fv2%2Fmedia&parent=5"}],"curies":[{"name":"wp","href":"https:\/\/api.w.org\/{rel}","templated":true}]}}