{"id":2307,"date":"2021-06-09T11:54:10","date_gmt":"2021-03-05T17:38:57","guid":{"rendered":""},"modified":"2026-04-13T18:00:35","modified_gmt":"2026-04-13T21:00:35","slug":"contact-us","status":"publish","type":"page","link":"https:\/\/itecfurg.org\/?page_id=2307","title":{"rendered":"Fale Conosco"},"content":{"rendered":"\t\t<div data-elementor-type=\"wp-page\" data-elementor-id=\"2307\" class=\"elementor elementor-2307\" data-elementor-post-type=\"page\">\n\t\t\t\t\t\t<section class=\"elementor-section elementor-top-section elementor-element elementor-element-1a0a5f3e elementor-section-boxed elementor-section-height-default elementor-section-height-default\" data-id=\"1a0a5f3e\" data-element_type=\"section\">\n\t\t\t\t\t\t<div class=\"elementor-container elementor-column-gap-no\">\n\t\t\t\t\t<div class=\"elementor-column elementor-col-100 elementor-top-column elementor-element elementor-element-1b6eba06\" data-id=\"1b6eba06\" data-element_type=\"column\" data-settings=\"{&quot;background_background&quot;:&quot;classic&quot;}\">\n\t\t\t<div class=\"elementor-widget-wrap elementor-element-populated\">\n\t\t\t\t\t\t<div class=\"elementor-element elementor-element-1068de1 elementor-widget elementor-widget-image\" data-id=\"1068de1\" data-element_type=\"widget\" data-widget_type=\"image.default\">\n\t\t\t\t<div class=\"elementor-widget-container\">\n\t\t\t\t\t\t\t\t\t\t\t\t\t\t\t<img fetchpriority=\"high\" decoding=\"async\" width=\"2560\" height=\"323\" src=\"https:\/\/itecfurg.org\/wp-content\/uploads\/2026\/04\/BANNER_4-scaled.png\" class=\"attachment-full size-full wp-image-12857\" alt=\"\" srcset=\"https:\/\/itecfurg.org\/wp-content\/uploads\/2026\/04\/BANNER_4-scaled.png 2560w, https:\/\/itecfurg.org\/wp-content\/uploads\/2026\/04\/BANNER_4-300x38.png 300w, https:\/\/itecfurg.org\/wp-content\/uploads\/2026\/04\/BANNER_4-1024x129.png 1024w, https:\/\/itecfurg.org\/wp-content\/uploads\/2026\/04\/BANNER_4-768x97.png 768w, https:\/\/itecfurg.org\/wp-content\/uploads\/2026\/04\/BANNER_4-1536x194.png 1536w, https:\/\/itecfurg.org\/wp-content\/uploads\/2026\/04\/BANNER_4-2048x258.png 2048w\" sizes=\"(max-width: 2560px) 100vw, 2560px\" \/>\t\t\t\t\t\t\t\t\t\t\t\t\t\t\t<\/div>\n\t\t\t\t<\/div>\n\t\t\t\t<div class=\"elementor-element elementor-element-911a2c8 elementor-widget elementor-widget-text-editor\" data-id=\"911a2c8\" data-element_type=\"widget\" data-widget_type=\"text-editor.default\">\n\t\t\t\t<div class=\"elementor-widget-container\">\n\t\t\t\t\t\t\t\t\t<h4>Buscamos promover um ambiente de motiva\u00e7\u00e3o e aprendizagem constantes, desenvolvendo e retendo talentos compartilhando valores e vencendo desafios em clima de coopera\u00e7\u00e3o e trabalho em equipe.<\/h4><p><strong>Vamos Conversar:<\/strong><\/p><p><strong>Micheli Castro<\/strong> &#8211; Coordenadora de Opera\u00e7\u00f5es e Prospec\u00e7\u00e3o.\u00a0<\/p><p><strong>Contato<\/strong>: 55 53 99241-8348<\/p><p><strong>E-mail<\/strong>: micheli.castro@gmail.com<\/p>\t\t\t\t\t\t\t\t<\/div>\n\t\t\t\t<\/div>\n\t\t\t\t<div class=\"elementor-element elementor-element-b679838 elementor-widget elementor-widget-spacer\" data-id=\"b679838\" data-element_type=\"widget\" data-widget_type=\"spacer.default\">\n\t\t\t\t<div class=\"elementor-widget-container\">\n\t\t\t\t\t\t\t<div class=\"elementor-spacer\">\n\t\t\t<div class=\"elementor-spacer-inner\"><\/div>\n\t\t<\/div>\n\t\t\t\t\t\t<\/div>\n\t\t\t\t<\/div>\n\t\t\t\t\t<\/div>\n\t\t<\/div>\n\t\t\t\t\t<\/div>\n\t\t<\/section>\n\t\t\t\t<\/div>\n\t\t","protected":false},"excerpt":{"rendered":"<p>Buscamos promover um ambiente de motiva\u00e7\u00e3o e aprendizagem constantes, desenvolvendo e retendo talentos compartilhando valores e vencendo desafios em clima de coopera\u00e7\u00e3o e trabalho em equipe. Vamos Conversar: Micheli Castro &#8211; Coordenadora de Opera\u00e7\u00f5es e Prospec\u00e7\u00e3o.\u00a0 Contato: 55 53 99241-8348 E-mail: micheli.castro@gmail.com<\/p>\n","protected":false},"author":1,"featured_media":0,"parent":0,"menu_order":0,"comment_status":"closed","ping_status":"closed","template":"template-page-builders.php","meta":{"_monsterinsights_skip_tracking":false,"_monsterinsights_sitenote_active":false,"_monsterinsights_sitenote_note":"","_monsterinsights_sitenote_category":0,"footnotes":""},"class_list":["post-2307","page","type-page","status-publish","hentry"],"aioseo_notices":[],"_links":{"self":[{"href":"https:\/\/itecfurg.org\/index.php?rest_route=\/wp\/v2\/pages\/2307","targetHints":{"allow":["GET"]}}],"collection":[{"href":"https:\/\/itecfurg.org\/index.php?rest_route=\/wp\/v2\/pages"}],"about":[{"href":"https:\/\/itecfurg.org\/index.php?rest_route=\/wp\/v2\/types\/page"}],"author":[{"embeddable":true,"href":"https:\/\/itecfurg.org\/index.php?rest_route=\/wp\/v2\/users\/1"}],"replies":[{"embeddable":true,"href":"https:\/\/itecfurg.org\/index.php?rest_route=%2Fwp%2Fv2%2Fcomments&post=2307"}],"version-history":[{"count":37,"href":"https:\/\/itecfurg.org\/index.php?rest_route=\/wp\/v2\/pages\/2307\/revisions"}],"predecessor-version":[{"id":12873,"href":"https:\/\/itecfurg.org\/index.php?rest_route=\/wp\/v2\/pages\/2307\/revisions\/12873"}],"wp:attachment":[{"href":"https:\/\/itecfurg.org\/index.php?rest_route=%2Fwp%2Fv2%2Fmedia&parent=2307"}],"curies":[{"name":"wp","href":"https:\/\/api.w.org\/{rel}","templated":true}]}}